{"id":176,"date":"2022-04-23T10:34:35","date_gmt":"2022-04-23T08:34:35","guid":{"rendered":"http:\/\/patrimoinedesabers.fr\/BlogWP\/?page_id=176"},"modified":"2022-11-01T15:49:44","modified_gmt":"2022-11-01T14:49:44","slug":"contact","status":"publish","type":"page","link":"https:\/\/patrimoinedesabers.fr\/BlogWP\/contact\/","title":{"rendered":"Contact"},"content":{"rendered":"\n<div class=\"wp-block-columns is-layout-flex wp-container-core-columns-is-layout-28f84493 wp-block-columns-is-layout-flex\">\n<div class=\"wp-block-column is-layout-flow wp-block-column-is-layout-flow\" style=\"flex-basis:90%\">\n<h2 class=\"wp-block-heading\">Contact \/ Adh\u00e9sion<\/h2>\n<\/div>\n\n\n\n<div class=\"wp-block-column is-vertically-aligned-bottom is-layout-flow wp-block-column-is-layout-flow\" style=\"flex-basis:10%\">\n<figure class=\"wp-block-image size-full is-resized\"><a href=\"javascript:history.back()\"><img loading=\"lazy\" decoding=\"async\" src=\"https:\/\/patrimoinedesabers.fr\/BlogWP\/wp-content\/uploads\/2022\/06\/close5.png\" alt=\"Retour \u00e0 la page pr\u00e9c\u00e9dente\" class=\"wp-image-236\" width=\"35\" height=\"35\" title=\"Retour \u00e0 la page pr\u00e9c\u00e9dente\"\/><\/a><\/figure>\n<\/div>\n<\/div>\n\n\n\n<h5 class=\"wp-block-heading\">Contactez-nous<\/h5>\n\n\n\n<div class=\"wp-block-qubely-wrapper qubely-block-97e02c\"><div class=\"qubely-block-wrapper-block \"><div class=\"wpforms-container wpforms-container-full wpforms-block\" id=\"wpforms-183\"><form id=\"wpforms-form-183\" class=\"wpforms-validate wpforms-form wpforms-ajax-form\" data-formid=\"183\" method=\"post\" enctype=\"multipart\/form-data\" action=\"\/BlogWP\/wp-json\/wp\/v2\/pages\/176\" data-token=\"4e1788dbc222d370ee24e31c3409315c\" data-token-time=\"1776032506\"><noscript class=\"wpforms-error-noscript\">Veuillez activer JavaScript dans votre navigateur pour remplir ce formulaire.<\/noscript><div class=\"wpforms-field-container\"><div id=\"wpforms-183-field_0-container\" class=\"wpforms-field wpforms-field-name\" data-field-id=\"0\"><label class=\"wpforms-field-label\">Nom <span class=\"wpforms-required-label\">*<\/span><\/label><div class=\"wpforms-field-row wpforms-field-medium\"><div class=\"wpforms-field-row-block wpforms-first wpforms-one-half\"><input type=\"text\" id=\"wpforms-183-field_0\" class=\"wpforms-field-name-first wpforms-field-required\" name=\"wpforms[fields][0][first]\" required><label for=\"wpforms-183-field_0\" class=\"wpforms-field-sublabel after\">Pr\u00e9nom<\/label><\/div><div class=\"wpforms-field-row-block wpforms-one-half\"><input type=\"text\" id=\"wpforms-183-field_0-last\" class=\"wpforms-field-name-last wpforms-field-required\" name=\"wpforms[fields][0][last]\" required><label for=\"wpforms-183-field_0-last\" class=\"wpforms-field-sublabel after\">Nom<\/label><\/div><\/div><\/div><div id=\"wpforms-183-field_1-container\" class=\"wpforms-field wpforms-field-email\" data-field-id=\"1\"><label class=\"wpforms-field-label\" for=\"wpforms-183-field_1\">Email <span class=\"wpforms-required-label\">*<\/span><\/label><input type=\"email\" id=\"wpforms-183-field_1\" class=\"wpforms-field-medium wpforms-field-required\" name=\"wpforms[fields][1]\" spellcheck=\"false\" required><\/div><div id=\"wpforms-183-field_2-container\" class=\"wpforms-field wpforms-field-textarea\" data-field-id=\"2\"><label class=\"wpforms-field-label\" for=\"wpforms-183-field_2\">Commentaire ou message <span class=\"wpforms-required-label\">*<\/span><\/label><textarea id=\"wpforms-183-field_2\" class=\"wpforms-field-medium wpforms-field-required\" name=\"wpforms[fields][2]\" required><\/textarea><\/div><\/div><!-- .wpforms-field-container --><div class=\"wpforms-recaptcha-container wpforms-is-recaptcha wpforms-is-recaptcha-type-v2\" ><div class=\"g-recaptcha\" data-sitekey=\"6LfWocoiAAAAAFd1d2DNHgHO4HAmZ4bVhzUpspkW\"><\/div><input type=\"text\" name=\"g-recaptcha-hidden\" class=\"wpforms-recaptcha-hidden\" style=\"position:absolute!important;clip:rect(0,0,0,0)!important;height:1px!important;width:1px!important;border:0!important;overflow:hidden!important;padding:0!important;margin:0!important;\" data-rule-recaptcha=\"1\"><\/div><div class=\"wpforms-submit-container\" ><input type=\"hidden\" name=\"wpforms[id]\" value=\"183\"><input type=\"hidden\" name=\"page_title\" value=\"\"><input type=\"hidden\" name=\"page_url\" value=\"https:\/\/patrimoinedesabers.fr\/BlogWP\/wp-json\/wp\/v2\/pages\/176\"><input type=\"hidden\" name=\"url_referer\" value=\"\"><button type=\"submit\" name=\"wpforms[submit]\" id=\"wpforms-submit-183\" class=\"wpforms-submit\" data-alt-text=\"Votre message est en cours d&#039;envoi\" data-submit-text=\"Envoyer\" aria-live=\"assertive\" value=\"wpforms-submit\">Envoyer<\/button><img loading=\"lazy\" decoding=\"async\" src=\"https:\/\/patrimoinedesabers.fr\/BlogWP\/wp-content\/plugins\/wpforms-lite\/assets\/images\/submit-spin.svg\" class=\"wpforms-submit-spinner\" style=\"display: none;\" width=\"26\" height=\"26\" alt=\"Chargement en cours\"><\/div><\/form><\/div>  <!-- .wpforms-container --><\/div><\/div>\n\n\n\n<h5 class=\"wp-block-heading\">Adh\u00e9rer \u00e0 l&rsquo;association (loi de 1901)<\/h5>\n\n\n\n<figure class=\"wp-block-image alignleft size-full is-resized\"><a href=\"https:\/\/patrimoinedesabers.fr\/BlogWP\/wp-content\/uploads\/2022\/04\/adhesion.pdf\"><img loading=\"lazy\" decoding=\"async\" src=\"https:\/\/patrimoinedesabers.fr\/BlogWP\/wp-content\/uploads\/2022\/04\/adhesion_small.jpg\" alt=\"\" class=\"wp-image-207\" width=\"128\" height=\"177\"\/><\/a><figcaption class=\"wp-element-caption\"><strong>Formulaire d&rsquo;adh\u00e9sion<\/strong><\/figcaption><\/figure>\n\n\n\n<p>Pour adh\u00e9rer \u00e0 l&rsquo;association, merci d&rsquo;envoyer vos coordonn\u00e9es (nom, pr\u00e9nom, adresse et adresse e-mail) \u00e0 l&rsquo;adresse suivante : Patrimoine des Abers 277 stread glaz 29870 LANDEDA ainsi que la cotisation annuelle de 10 \u20ac. Devenir membre n&rsquo;engage \u00e0 aucune obligation de participation aux activit\u00e9s : chacun est ensuite libre de s&rsquo;investir peu ou prou. Adh\u00e9rer \u00e0 l&rsquo;association c&rsquo;est simplement montrer que l&rsquo;histoire et le patrimoine de nos communes sont importants et qu&rsquo;on ne doit pas les laisser se d\u00e9t\u00e9riorer davantage. Dans ce domaine plus que dans tout autre peut-\u00eatre, le nombre fait la force et l&rsquo;association est d&rsquo;autant mieux \u00e9cout\u00e9e.<\/p>\n","protected":false},"excerpt":{"rendered":"<p>Contact \/ Adh\u00e9sion Contactez-nous Adh\u00e9rer \u00e0 l&rsquo;association (loi de 1901) Pour adh\u00e9rer \u00e0 l&rsquo;association, merci d&rsquo;envoyer vos coordonn\u00e9es (nom, pr\u00e9nom, adresse et adresse e-mail) \u00e0 l&rsquo;adresse suivante : Patrimoine des Abers 277 stread glaz 29870 LANDEDA ainsi que la cotisation annuelle de 10 \u20ac. Devenir membre n&rsquo;engage \u00e0 aucune obligation de participation aux activit\u00e9s : [&hellip;]<\/p>\n","protected":false},"author":1,"featured_media":0,"parent":0,"menu_order":0,"comment_status":"closed","ping_status":"closed","template":"","meta":{"qubely_global_settings":"","qubely_interactions":"","_glsr_average":0,"_glsr_ranking":0,"_glsr_reviews":0,"footnotes":""},"class_list":["post-176","page","type-page","status-publish","hentry"],"blocksy_meta":{"styles_descriptor":{"styles":{"desktop":"","tablet":"","mobile":""},"google_fonts":[],"version":6}},"yoast_head":"<!-- This site is optimized with the Yoast SEO plugin v27.3 - https:\/\/yoast.com\/product\/yoast-seo-wordpress\/ -->\n<title>Contact - Blog de l&#039;association Patrimoine des Abers<\/title>\n<meta name=\"robots\" content=\"index, follow, max-snippet:-1, max-image-preview:large, max-video-preview:-1\" \/>\n<link rel=\"canonical\" href=\"https:\/\/patrimoinedesabers.fr\/BlogWP\/contact\/\" \/>\n<meta property=\"og:locale\" content=\"fr_FR\" \/>\n<meta property=\"og:type\" content=\"article\" \/>\n<meta property=\"og:title\" content=\"Contact - Blog de l&#039;association Patrimoine des Abers\" \/>\n<meta property=\"og:description\" content=\"Contact \/ Adh\u00e9sion Contactez-nous Adh\u00e9rer \u00e0 l&rsquo;association (loi de 1901) Pour adh\u00e9rer \u00e0 l&rsquo;association, merci d&rsquo;envoyer vos coordonn\u00e9es (nom, pr\u00e9nom, adresse et adresse e-mail) \u00e0 l&rsquo;adresse suivante : Patrimoine des Abers 277 stread glaz 29870 LANDEDA ainsi que la cotisation annuelle de 10 \u20ac. Devenir membre n&rsquo;engage \u00e0 aucune obligation de participation aux activit\u00e9s : [&hellip;]\" \/>\n<meta property=\"og:url\" content=\"https:\/\/patrimoinedesabers.fr\/BlogWP\/contact\/\" \/>\n<meta property=\"og:site_name\" content=\"Blog de l&#039;association Patrimoine des Abers\" \/>\n<meta property=\"article:modified_time\" content=\"2022-11-01T14:49:44+00:00\" \/>\n<meta property=\"og:image\" content=\"https:\/\/patrimoinedesabers.fr\/BlogWP\/wp-content\/uploads\/2022\/06\/close5.png\" \/>\n<meta name=\"twitter:card\" content=\"summary_large_image\" \/>\n<meta name=\"twitter:label1\" content=\"Dur\u00e9e de lecture estim\u00e9e\" \/>\n\t<meta name=\"twitter:data1\" content=\"1 minute\" \/>\n<script type=\"application\/ld+json\" class=\"yoast-schema-graph\">{\"@context\":\"https:\\\/\\\/schema.org\",\"@graph\":[{\"@type\":\"WebPage\",\"@id\":\"https:\\\/\\\/patrimoinedesabers.fr\\\/BlogWP\\\/contact\\\/\",\"url\":\"https:\\\/\\\/patrimoinedesabers.fr\\\/BlogWP\\\/contact\\\/\",\"name\":\"Contact - Blog de l&#039;association Patrimoine des Abers\",\"isPartOf\":{\"@id\":\"https:\\\/\\\/patrimoinedesabers.fr\\\/BlogWP\\\/#website\"},\"primaryImageOfPage\":{\"@id\":\"https:\\\/\\\/patrimoinedesabers.fr\\\/BlogWP\\\/contact\\\/#primaryimage\"},\"image\":{\"@id\":\"https:\\\/\\\/patrimoinedesabers.fr\\\/BlogWP\\\/contact\\\/#primaryimage\"},\"thumbnailUrl\":\"https:\\\/\\\/patrimoinedesabers.fr\\\/BlogWP\\\/wp-content\\\/uploads\\\/2022\\\/06\\\/close5.png\",\"datePublished\":\"2022-04-23T08:34:35+00:00\",\"dateModified\":\"2022-11-01T14:49:44+00:00\",\"breadcrumb\":{\"@id\":\"https:\\\/\\\/patrimoinedesabers.fr\\\/BlogWP\\\/contact\\\/#breadcrumb\"},\"inLanguage\":\"fr-FR\",\"potentialAction\":[{\"@type\":\"ReadAction\",\"target\":[\"https:\\\/\\\/patrimoinedesabers.fr\\\/BlogWP\\\/contact\\\/\"]}]},{\"@type\":\"ImageObject\",\"inLanguage\":\"fr-FR\",\"@id\":\"https:\\\/\\\/patrimoinedesabers.fr\\\/BlogWP\\\/contact\\\/#primaryimage\",\"url\":\"https:\\\/\\\/patrimoinedesabers.fr\\\/BlogWP\\\/wp-content\\\/uploads\\\/2022\\\/06\\\/close5.png\",\"contentUrl\":\"https:\\\/\\\/patrimoinedesabers.fr\\\/BlogWP\\\/wp-content\\\/uploads\\\/2022\\\/06\\\/close5.png\",\"width\":48,\"height\":48},{\"@type\":\"BreadcrumbList\",\"@id\":\"https:\\\/\\\/patrimoinedesabers.fr\\\/BlogWP\\\/contact\\\/#breadcrumb\",\"itemListElement\":[{\"@type\":\"ListItem\",\"position\":1,\"name\":\"Accueil\",\"item\":\"https:\\\/\\\/patrimoinedesabers.fr\\\/BlogWP\\\/\"},{\"@type\":\"ListItem\",\"position\":2,\"name\":\"Contact\"}]},{\"@type\":\"WebSite\",\"@id\":\"https:\\\/\\\/patrimoinedesabers.fr\\\/BlogWP\\\/#website\",\"url\":\"https:\\\/\\\/patrimoinedesabers.fr\\\/BlogWP\\\/\",\"name\":\"Blog de l&#039;association Patrimoine des Abers\",\"description\":\"D\u00e9couvrez le patrimoine des Abers - Land\u00e9da - Lannilis\",\"potentialAction\":[{\"@type\":\"SearchAction\",\"target\":{\"@type\":\"EntryPoint\",\"urlTemplate\":\"https:\\\/\\\/patrimoinedesabers.fr\\\/BlogWP\\\/?s={search_term_string}\"},\"query-input\":{\"@type\":\"PropertyValueSpecification\",\"valueRequired\":true,\"valueName\":\"search_term_string\"}}],\"inLanguage\":\"fr-FR\"}]}<\/script>\n<!-- \/ Yoast SEO plugin. -->","yoast_head_json":{"title":"Contact - Blog de l&#039;association Patrimoine des Abers","robots":{"index":"index","follow":"follow","max-snippet":"max-snippet:-1","max-image-preview":"max-image-preview:large","max-video-preview":"max-video-preview:-1"},"canonical":"https:\/\/patrimoinedesabers.fr\/BlogWP\/contact\/","og_locale":"fr_FR","og_type":"article","og_title":"Contact - Blog de l&#039;association Patrimoine des Abers","og_description":"Contact \/ Adh\u00e9sion Contactez-nous Adh\u00e9rer \u00e0 l&rsquo;association (loi de 1901) Pour adh\u00e9rer \u00e0 l&rsquo;association, merci d&rsquo;envoyer vos coordonn\u00e9es (nom, pr\u00e9nom, adresse et adresse e-mail) \u00e0 l&rsquo;adresse suivante : Patrimoine des Abers 277 stread glaz 29870 LANDEDA ainsi que la cotisation annuelle de 10 \u20ac. Devenir membre n&rsquo;engage \u00e0 aucune obligation de participation aux activit\u00e9s : [&hellip;]","og_url":"https:\/\/patrimoinedesabers.fr\/BlogWP\/contact\/","og_site_name":"Blog de l&#039;association Patrimoine des Abers","article_modified_time":"2022-11-01T14:49:44+00:00","og_image":[{"url":"https:\/\/patrimoinedesabers.fr\/BlogWP\/wp-content\/uploads\/2022\/06\/close5.png","type":"","width":"","height":""}],"twitter_card":"summary_large_image","twitter_misc":{"Dur\u00e9e de lecture estim\u00e9e":"1 minute"},"schema":{"@context":"https:\/\/schema.org","@graph":[{"@type":"WebPage","@id":"https:\/\/patrimoinedesabers.fr\/BlogWP\/contact\/","url":"https:\/\/patrimoinedesabers.fr\/BlogWP\/contact\/","name":"Contact - Blog de l&#039;association Patrimoine des Abers","isPartOf":{"@id":"https:\/\/patrimoinedesabers.fr\/BlogWP\/#website"},"primaryImageOfPage":{"@id":"https:\/\/patrimoinedesabers.fr\/BlogWP\/contact\/#primaryimage"},"image":{"@id":"https:\/\/patrimoinedesabers.fr\/BlogWP\/contact\/#primaryimage"},"thumbnailUrl":"https:\/\/patrimoinedesabers.fr\/BlogWP\/wp-content\/uploads\/2022\/06\/close5.png","datePublished":"2022-04-23T08:34:35+00:00","dateModified":"2022-11-01T14:49:44+00:00","breadcrumb":{"@id":"https:\/\/patrimoinedesabers.fr\/BlogWP\/contact\/#breadcrumb"},"inLanguage":"fr-FR","potentialAction":[{"@type":"ReadAction","target":["https:\/\/patrimoinedesabers.fr\/BlogWP\/contact\/"]}]},{"@type":"ImageObject","inLanguage":"fr-FR","@id":"https:\/\/patrimoinedesabers.fr\/BlogWP\/contact\/#primaryimage","url":"https:\/\/patrimoinedesabers.fr\/BlogWP\/wp-content\/uploads\/2022\/06\/close5.png","contentUrl":"https:\/\/patrimoinedesabers.fr\/BlogWP\/wp-content\/uploads\/2022\/06\/close5.png","width":48,"height":48},{"@type":"BreadcrumbList","@id":"https:\/\/patrimoinedesabers.fr\/BlogWP\/contact\/#breadcrumb","itemListElement":[{"@type":"ListItem","position":1,"name":"Accueil","item":"https:\/\/patrimoinedesabers.fr\/BlogWP\/"},{"@type":"ListItem","position":2,"name":"Contact"}]},{"@type":"WebSite","@id":"https:\/\/patrimoinedesabers.fr\/BlogWP\/#website","url":"https:\/\/patrimoinedesabers.fr\/BlogWP\/","name":"Blog de l&#039;association Patrimoine des Abers","description":"D\u00e9couvrez le patrimoine des Abers - Land\u00e9da - Lannilis","potentialAction":[{"@type":"SearchAction","target":{"@type":"EntryPoint","urlTemplate":"https:\/\/patrimoinedesabers.fr\/BlogWP\/?s={search_term_string}"},"query-input":{"@type":"PropertyValueSpecification","valueRequired":true,"valueName":"search_term_string"}}],"inLanguage":"fr-FR"}]}},"_links":{"self":[{"href":"https:\/\/patrimoinedesabers.fr\/BlogWP\/wp-json\/wp\/v2\/pages\/176","targetHints":{"allow":["GET"]}}],"collection":[{"href":"https:\/\/patrimoinedesabers.fr\/BlogWP\/wp-json\/wp\/v2\/pages"}],"about":[{"href":"https:\/\/patrimoinedesabers.fr\/BlogWP\/wp-json\/wp\/v2\/types\/page"}],"author":[{"embeddable":true,"href":"https:\/\/patrimoinedesabers.fr\/BlogWP\/wp-json\/wp\/v2\/users\/1"}],"replies":[{"embeddable":true,"href":"https:\/\/patrimoinedesabers.fr\/BlogWP\/wp-json\/wp\/v2\/comments?post=176"}],"version-history":[{"count":27,"href":"https:\/\/patrimoinedesabers.fr\/BlogWP\/wp-json\/wp\/v2\/pages\/176\/revisions"}],"predecessor-version":[{"id":324,"href":"https:\/\/patrimoinedesabers.fr\/BlogWP\/wp-json\/wp\/v2\/pages\/176\/revisions\/324"}],"wp:attachment":[{"href":"https:\/\/patrimoinedesabers.fr\/BlogWP\/wp-json\/wp\/v2\/media?parent=176"}],"curies":[{"name":"wp","href":"https:\/\/api.w.org\/{rel}","templated":true}]}}