{"id":232,"date":"2022-06-21T17:57:09","date_gmt":"2022-06-21T15:57:09","guid":{"rendered":"https:\/\/patrimoinedesabers.fr\/BlogWP\/?page_id=232"},"modified":"2022-08-12T11:12:54","modified_gmt":"2022-08-12T09:12:54","slug":"livre_d_or","status":"publish","type":"page","link":"https:\/\/patrimoinedesabers.fr\/BlogWP\/livre_d_or\/","title":{"rendered":"Livre d&rsquo;Or"},"content":{"rendered":"\n<h2 class=\"wp-block-heading\"><\/h2>\n\n\n\n<div class=\"wp-block-columns is-layout-flex wp-container-core-columns-is-layout-28f84493 wp-block-columns-is-layout-flex\">\n<div class=\"wp-block-column is-layout-flow wp-block-column-is-layout-flow\" style=\"flex-basis:90%\">\n<h2 class=\"wp-block-heading\">Livre d&rsquo;Or<\/h2>\n<\/div>\n\n\n\n<div class=\"wp-block-column is-layout-flow wp-block-column-is-layout-flow\" style=\"flex-basis:8%\">\n<figure class=\"wp-block-image size-full is-resized\"><a href=\"javascript:history.back()\"><img loading=\"lazy\" decoding=\"async\" src=\"https:\/\/patrimoinedesabers.fr\/BlogWP\/wp-content\/uploads\/2022\/06\/close5.png\" alt=\"Retour \u00e0 la page pr\u00e9c\u00e9dente\" class=\"wp-image-236\" width=\"35\" height=\"35\" title=\"Retour \u00e0 la page pr\u00e9c\u00e9dente\"\/><\/a><\/figure>\n<\/div>\n<\/div>\n\n\n\n<h5 class=\"wp-block-heading\">Ce \u00ab\u00a0Livre d&rsquo;Or\u00a0\u00bb est \u00e0 votre disposition, merci d&rsquo;avance pour vos encouragements !<\/h5>\n\n\n\n<div class=\"wp-block-columns is-layout-flex wp-container-core-columns-is-layout-28f84493 wp-block-columns-is-layout-flex\">\n<div class=\"wp-block-column is-layout-flow wp-block-column-is-layout-flow\"><div class=\"gwolle-gb\"><div class=\"gwolle_gb_messages_top_container gwolle-gb-messages-top-container\"><\/div>\n\t\t\t<div class=\"gwolle-gb-write-button\">\n\t\t\t\t<input type=\"button\" name=\"gwolle-gb-write-button\" class=\"button btn btn-default \" value=\"\u00c9crire un nouveau message\" aria-expanded=\"false\" \/>\n\t\t\t<\/div>\n\t\t\t<form action=\"#\" method=\"POST\" class=\"gwolle-gb-write gwolle-gb-hide gwolle-gb-float gwolle_gb_form_ajax gwolle-gb-form-ajax gwolle-gb-ajax gwolle-gb-not-logged-in\">\n\t\t\t\t<h3>\u00c9crivez un nouveau message dans le livre d\u2019or<\/h3>\n\t\t\t\t<button type=\"button\" class=\"gb-notice-dismiss\">x<span class=\"screen-reader-text\">Masquer ce formulaire.<\/span><\/button>\n\t\t\t\n\t\t\t\t<input type=\"hidden\" name=\"gwolle_gb_function\" class=\"gwolle_gb_function\" value=\"add_entry\" \/><input type=\"hidden\" name=\"gwolle_gb_book_id\" class=\"gwolle_gb_book_id\" value=\"1\" \/><div class=\"gwolle_gb_3a3e1afa54cd6991dee68e715cc0201a\">\n\t\t\t\t<div class=\"label\"><label for=\"gwolle_gb_3a3e1afa54cd6991dee68e715cc0201a-1\" class=\"text-info\">Nom <span class=\"required\">*<\/span><\/label><\/div>\n\t\t\t\t<div class=\"input\"><input class=\"wp-exclude-emoji gwolle_gb_3a3e1afa54cd6991dee68e715cc0201a\" value=\"\" type=\"text\" id=\"gwolle_gb_3a3e1afa54cd6991dee68e715cc0201a-1\" name=\"gwolle_gb_3a3e1afa54cd6991dee68e715cc0201a\" required \/><\/div>\n\t\t\t\t<div class=\"clearBoth\">&nbsp;<\/div>\n\t\t\t<\/div><div class=\"gwolle_gb_487194f1876c840ae82295c57dc01162\">\n\t\t\t\t\t<div class=\"label\"><label for=\"gwolle_gb_487194f1876c840ae82295c57dc01162-1\" class=\"text-info\">Ville<\/label><\/div>\n\t\t\t\t\t<div class=\"input\"><input class=\"wp-exclude-emoji gwolle_gb_487194f1876c840ae82295c57dc01162\" value=\"\" type=\"text\" id=\"gwolle_gb_487194f1876c840ae82295c57dc01162-1\" name=\"gwolle_gb_487194f1876c840ae82295c57dc01162\" \/><\/div>\n\t\t\t\t\t<div class=\"clearBoth\">&nbsp;<\/div>\n\t\t\t\t<\/div><div class=\"gwolle_gb_e42177ff8a01cb6797a436b39309a12b\">\n\t\t\t\t<div class=\"label\"><label for=\"gwolle_gb_e42177ff8a01cb6797a436b39309a12b-1\" class=\"text-info\">E-mail <span class=\"required\">*<\/span><\/label><\/div>\n\t\t\t\t<div class=\"input\"><input class=\"gwolle_gb_e42177ff8a01cb6797a436b39309a12b\" value=\"\" type=\"email\" id=\"gwolle_gb_e42177ff8a01cb6797a436b39309a12b-1\" name=\"gwolle_gb_e42177ff8a01cb6797a436b39309a12b\" required \/><\/div>\n\t\t\t\t<div class=\"clearBoth\">&nbsp;<\/div>\n\t\t\t<\/div><div class=\"gwolle_gb_4c738dc0a264874fbb85712191a4cf95\">\n\t\t\t\t<div class=\"label\"><label for=\"gwolle_gb_4c738dc0a264874fbb85712191a4cf95-1\" class=\"text-info\">Site web<\/label><\/div>\n\t\t\t\t<div class=\"input\"><input class=\"gwolle_gb_4c738dc0a264874fbb85712191a4cf95\" value=\"\" type=\"url\" id=\"gwolle_gb_4c738dc0a264874fbb85712191a4cf95-1\" name=\"gwolle_gb_4c738dc0a264874fbb85712191a4cf95\" \/><\/div>\n\t\t\t\t<div class=\"clearBoth\">&nbsp;<\/div>\n\t\t\t<\/div>\n\t\t\t<div class=\"gwolle_gb_1007ca6b09947c5b760b8346f3afc7e7\" style=\"display:none;overflow:hidden;\" hidden=\"true\" aria-hidden=\"true\">\n\t\t\t\t<div class=\"label\">\n\t\t\t\t\t<label for=\"gwolle_gb_1007ca6b09947c5b760b8346f3afc7e7-1\" class=\"text-primary\">Ne touchez pas \u00e0 ceci<\/label>\n\t\t\t\t\t<label for=\"gwolle_gb_91679f142c2e8dfe59392cd4ad312d25-1\" class=\"text-primary\">Ne touchez pas \u00e0 ceci<\/label>\n\t\t\t\t<\/div>\n\t\t\t\t<div class=\"input\">\n\t\t\t\t\t<input value=\"50\" type=\"text\" id=\"gwolle_gb_1007ca6b09947c5b760b8346f3afc7e7-1\" name=\"gwolle_gb_1007ca6b09947c5b760b8346f3afc7e7\" class=\"gwolle_gb_1007ca6b09947c5b760b8346f3afc7e7\" style=\"transform: translateY(10000px);\" \/>\n\t\t\t\t\t<input value=\"\" type=\"text\" name=\"gwolle_gb_91679f142c2e8dfe59392cd4ad312d25\" id=\"gwolle_gb_91679f142c2e8dfe59392cd4ad312d25-1\" class=\"gwolle_gb_91679f142c2e8dfe59392cd4ad312d25\" style=\"transform: translateY(10000px);\" \/>\n\t\t\t\t<\/div>\n\t\t\t\t<div class=\"clearBoth\"><\/div>\n\t\t\t<\/div>\n\t\t\t<div class=\"gwolle_gb_cd6bfcaf9ee2d2019ab6d88da07b0885\" style=\"display:none;overflow:hidden;\" hidden=\"true\" aria-hidden=\"true\">\n\t\t\t\t<div class=\"label\">\n\t\t\t\t\t<label for=\"gwolle_gb_cd6bfcaf9ee2d2019ab6d88da07b0885-1\" class=\"text-primary\">Ne touchez pas \u00e0 ceci<\/label>\n\t\t\t\t\t<label for=\"gwolle_gb_848427a108633af1b0fef5aa939bb63a-1\" class=\"text-primary\">Ne touchez pas \u00e0 ceci<\/label>\n\t\t\t\t<\/div>\n\t\t\t\t<div class=\"input\">\n\t\t\t\t\t<input value=\"25881\" type=\"text\" id=\"gwolle_gb_cd6bfcaf9ee2d2019ab6d88da07b0885-1\" name=\"gwolle_gb_cd6bfcaf9ee2d2019ab6d88da07b0885\" class=\"gwolle_gb_cd6bfcaf9ee2d2019ab6d88da07b0885\" style=\"transform: translateY(10000px);\" \/>\n\t\t\t\t\t<input value=\"25881\" type=\"text\"id=\"gwolle_gb_848427a108633af1b0fef5aa939bb63a-1\" name=\"gwolle_gb_848427a108633af1b0fef5aa939bb63a\" class=\"gwolle_gb_848427a108633af1b0fef5aa939bb63a\" style=\"transform: translateY(10000px);\" \/>\n\t\t\t\t<\/div>\n\t\t\t\t<div class=\"clearBoth\"><\/div>\n\t\t\t<\/div><div class=\"gwolle_gb_content\">\n\t\t\t\t<div class=\"label\"><label for=\"gwolle_gb_content-1\" class=\"text-info\">Message du livre d\u2019or <span class=\"required\">*<\/span><\/label><\/div>\n\t\t\t\t<div class=\"input\"><textarea id=\"gwolle_gb_content-1\" name=\"gwolle_gb_content\" class=\"gwolle_gb_content wp-exclude-emoji\" required ><\/textarea><\/div>\n\t\t\t\t\t<div class=\"clearBoth\">&nbsp;<\/div>\n\t\t\t\t<\/div><input type=\"hidden\" class=\"gwolle_gb_3a2c9b417c711a187b96d7b4bcbfb8e1\" id=\"gwolle_gb_3a2c9b417c711a187b96d7b4bcbfb8e1-1\" name=\"gwolle_gb_3a2c9b417c711a187b96d7b4bcbfb8e1\" value=\"665c3cf595\" \/>\n\t\t\t<div class=\"gwolle_gb_messages_bottom_container gwolle-gb-messages-bottom-container\"><\/div>\n\n\t\t\t<noscript><div class=\"no-js\">Avertissement\u00a0: Ce formulaire ne peut \u00eatre utilis\u00e9 que si JavaScript est activ\u00e9 dans votre navigateur.<\/div><\/noscript>\n\n\t\t\t<div class=\"gwolle_gb_submit\">\n\t\t\t\t<div class=\"label gwolle-gb-invisible text-muted\">&nbsp;<\/div>\n\t\t\t\t<div class=\"input\">\n\t\t\t\t\t<input type=\"submit\" name=\"gwolle_gb_submit\" class=\"gwolle_gb_submit button btn btn-primary \" value=\"Envoyer\" \/>\n\t\t\t\t\t<span class=\"gwolle_gb_submit_ajax_icon\"><\/span>\n\t\t\t\n\t\t\t\t<\/div>\n\t\t\t\t<div class=\"clearBoth\">&nbsp;<\/div>\n\t\t\t<\/div>\n\n\t\t\t<div class=\"gwolle_gb_notice\">\n\t\t\t\t<br \/>\nLes champs marqu\u00e9s avec un * sont obligatoires.<br \/>\nVotre adresse e-mail ne sera pas publi\u00e9e.<br \/>\nIl se pourrait que votre message n\u2019apparaisse dans le livre d\u2019or qu\u2019apr\u00e8s que nous l\u2019ayons v\u00e9rifi\u00e9.<br \/>\nNous nous r\u00e9servons le droit de modifier, de supprimer, ou de ne pas publier les messages.<br \/>\n\n\t\t\t<\/div><\/form><div class=\"gwolle-gb-read gwolle-gb-ajax gwolle-gb-entries-list\" data-book_id=\"1\">(Pas de message)<\/div><\/div>\n<\/div>\n<\/div>\n","protected":false},"excerpt":{"rendered":"<p>Livre d&rsquo;Or Ce \u00ab\u00a0Livre d&rsquo;Or\u00a0\u00bb est \u00e0 votre disposition, merci d&rsquo;avance pour vos encouragements !<\/p>\n","protected":false},"author":1,"featured_media":0,"parent":0,"menu_order":0,"comment_status":"closed","ping_status":"closed","template":"","meta":{"qubely_global_settings":"","qubely_interactions":"","_glsr_average":0,"_glsr_ranking":0,"_glsr_reviews":0,"footnotes":""},"class_list":["post-232","page","type-page","status-publish","hentry"],"blocksy_meta":{"styles_descriptor":{"styles":{"desktop":"","tablet":"","mobile":""},"google_fonts":[],"version":6}},"yoast_head":"<!-- This site is optimized with the Yoast SEO plugin v27.3 - https:\/\/yoast.com\/product\/yoast-seo-wordpress\/ -->\n<title>Livre d&#039;Or - Blog de l&#039;association Patrimoine des Abers<\/title>\n<meta name=\"robots\" content=\"index, follow, max-snippet:-1, max-image-preview:large, max-video-preview:-1\" \/>\n<link rel=\"canonical\" href=\"https:\/\/patrimoinedesabers.fr\/BlogWP\/livre_d_or\/\" \/>\n<meta property=\"og:locale\" content=\"fr_FR\" \/>\n<meta property=\"og:type\" content=\"article\" \/>\n<meta property=\"og:title\" content=\"Livre d&#039;Or - Blog de l&#039;association Patrimoine des Abers\" \/>\n<meta property=\"og:description\" content=\"Livre d&rsquo;Or Ce \u00ab\u00a0Livre d&rsquo;Or\u00a0\u00bb est \u00e0 votre disposition, merci d&rsquo;avance pour vos encouragements !\" \/>\n<meta property=\"og:url\" content=\"https:\/\/patrimoinedesabers.fr\/BlogWP\/livre_d_or\/\" \/>\n<meta property=\"og:site_name\" content=\"Blog de l&#039;association Patrimoine des Abers\" \/>\n<meta property=\"article:modified_time\" content=\"2022-08-12T09:12:54+00:00\" \/>\n<meta property=\"og:image\" content=\"https:\/\/patrimoinedesabers.fr\/BlogWP\/wp-content\/uploads\/2022\/06\/close5.png\" \/>\n<meta name=\"twitter:card\" content=\"summary_large_image\" \/>\n<meta name=\"twitter:label1\" content=\"Dur\u00e9e de lecture estim\u00e9e\" \/>\n\t<meta name=\"twitter:data1\" content=\"1 minute\" \/>\n<script type=\"application\/ld+json\" class=\"yoast-schema-graph\">{\"@context\":\"https:\\\/\\\/schema.org\",\"@graph\":[{\"@type\":\"WebPage\",\"@id\":\"https:\\\/\\\/patrimoinedesabers.fr\\\/BlogWP\\\/livre_d_or\\\/\",\"url\":\"https:\\\/\\\/patrimoinedesabers.fr\\\/BlogWP\\\/livre_d_or\\\/\",\"name\":\"Livre d'Or - Blog de l&#039;association Patrimoine des Abers\",\"isPartOf\":{\"@id\":\"https:\\\/\\\/patrimoinedesabers.fr\\\/BlogWP\\\/#website\"},\"primaryImageOfPage\":{\"@id\":\"https:\\\/\\\/patrimoinedesabers.fr\\\/BlogWP\\\/livre_d_or\\\/#primaryimage\"},\"image\":{\"@id\":\"https:\\\/\\\/patrimoinedesabers.fr\\\/BlogWP\\\/livre_d_or\\\/#primaryimage\"},\"thumbnailUrl\":\"https:\\\/\\\/patrimoinedesabers.fr\\\/BlogWP\\\/wp-content\\\/uploads\\\/2022\\\/06\\\/close5.png\",\"datePublished\":\"2022-06-21T15:57:09+00:00\",\"dateModified\":\"2022-08-12T09:12:54+00:00\",\"breadcrumb\":{\"@id\":\"https:\\\/\\\/patrimoinedesabers.fr\\\/BlogWP\\\/livre_d_or\\\/#breadcrumb\"},\"inLanguage\":\"fr-FR\",\"potentialAction\":[{\"@type\":\"ReadAction\",\"target\":[\"https:\\\/\\\/patrimoinedesabers.fr\\\/BlogWP\\\/livre_d_or\\\/\"]}]},{\"@type\":\"ImageObject\",\"inLanguage\":\"fr-FR\",\"@id\":\"https:\\\/\\\/patrimoinedesabers.fr\\\/BlogWP\\\/livre_d_or\\\/#primaryimage\",\"url\":\"https:\\\/\\\/patrimoinedesabers.fr\\\/BlogWP\\\/wp-content\\\/uploads\\\/2022\\\/06\\\/close5.png\",\"contentUrl\":\"https:\\\/\\\/patrimoinedesabers.fr\\\/BlogWP\\\/wp-content\\\/uploads\\\/2022\\\/06\\\/close5.png\",\"width\":48,\"height\":48},{\"@type\":\"BreadcrumbList\",\"@id\":\"https:\\\/\\\/patrimoinedesabers.fr\\\/BlogWP\\\/livre_d_or\\\/#breadcrumb\",\"itemListElement\":[{\"@type\":\"ListItem\",\"position\":1,\"name\":\"Accueil\",\"item\":\"https:\\\/\\\/patrimoinedesabers.fr\\\/BlogWP\\\/\"},{\"@type\":\"ListItem\",\"position\":2,\"name\":\"Livre d&rsquo;Or\"}]},{\"@type\":\"WebSite\",\"@id\":\"https:\\\/\\\/patrimoinedesabers.fr\\\/BlogWP\\\/#website\",\"url\":\"https:\\\/\\\/patrimoinedesabers.fr\\\/BlogWP\\\/\",\"name\":\"Blog de l&#039;association Patrimoine des Abers\",\"description\":\"D\u00e9couvrez le patrimoine des Abers - Land\u00e9da - Lannilis\",\"potentialAction\":[{\"@type\":\"SearchAction\",\"target\":{\"@type\":\"EntryPoint\",\"urlTemplate\":\"https:\\\/\\\/patrimoinedesabers.fr\\\/BlogWP\\\/?s={search_term_string}\"},\"query-input\":{\"@type\":\"PropertyValueSpecification\",\"valueRequired\":true,\"valueName\":\"search_term_string\"}}],\"inLanguage\":\"fr-FR\"}]}<\/script>\n<!-- \/ Yoast SEO plugin. -->","yoast_head_json":{"title":"Livre d'Or - Blog de l&#039;association Patrimoine des Abers","robots":{"index":"index","follow":"follow","max-snippet":"max-snippet:-1","max-image-preview":"max-image-preview:large","max-video-preview":"max-video-preview:-1"},"canonical":"https:\/\/patrimoinedesabers.fr\/BlogWP\/livre_d_or\/","og_locale":"fr_FR","og_type":"article","og_title":"Livre d'Or - Blog de l&#039;association Patrimoine des Abers","og_description":"Livre d&rsquo;Or Ce \u00ab\u00a0Livre d&rsquo;Or\u00a0\u00bb est \u00e0 votre disposition, merci d&rsquo;avance pour vos encouragements !","og_url":"https:\/\/patrimoinedesabers.fr\/BlogWP\/livre_d_or\/","og_site_name":"Blog de l&#039;association Patrimoine des Abers","article_modified_time":"2022-08-12T09:12:54+00:00","og_image":[{"url":"https:\/\/patrimoinedesabers.fr\/BlogWP\/wp-content\/uploads\/2022\/06\/close5.png","type":"","width":"","height":""}],"twitter_card":"summary_large_image","twitter_misc":{"Dur\u00e9e de lecture estim\u00e9e":"1 minute"},"schema":{"@context":"https:\/\/schema.org","@graph":[{"@type":"WebPage","@id":"https:\/\/patrimoinedesabers.fr\/BlogWP\/livre_d_or\/","url":"https:\/\/patrimoinedesabers.fr\/BlogWP\/livre_d_or\/","name":"Livre d'Or - Blog de l&#039;association Patrimoine des Abers","isPartOf":{"@id":"https:\/\/patrimoinedesabers.fr\/BlogWP\/#website"},"primaryImageOfPage":{"@id":"https:\/\/patrimoinedesabers.fr\/BlogWP\/livre_d_or\/#primaryimage"},"image":{"@id":"https:\/\/patrimoinedesabers.fr\/BlogWP\/livre_d_or\/#primaryimage"},"thumbnailUrl":"https:\/\/patrimoinedesabers.fr\/BlogWP\/wp-content\/uploads\/2022\/06\/close5.png","datePublished":"2022-06-21T15:57:09+00:00","dateModified":"2022-08-12T09:12:54+00:00","breadcrumb":{"@id":"https:\/\/patrimoinedesabers.fr\/BlogWP\/livre_d_or\/#breadcrumb"},"inLanguage":"fr-FR","potentialAction":[{"@type":"ReadAction","target":["https:\/\/patrimoinedesabers.fr\/BlogWP\/livre_d_or\/"]}]},{"@type":"ImageObject","inLanguage":"fr-FR","@id":"https:\/\/patrimoinedesabers.fr\/BlogWP\/livre_d_or\/#primaryimage","url":"https:\/\/patrimoinedesabers.fr\/BlogWP\/wp-content\/uploads\/2022\/06\/close5.png","contentUrl":"https:\/\/patrimoinedesabers.fr\/BlogWP\/wp-content\/uploads\/2022\/06\/close5.png","width":48,"height":48},{"@type":"BreadcrumbList","@id":"https:\/\/patrimoinedesabers.fr\/BlogWP\/livre_d_or\/#breadcrumb","itemListElement":[{"@type":"ListItem","position":1,"name":"Accueil","item":"https:\/\/patrimoinedesabers.fr\/BlogWP\/"},{"@type":"ListItem","position":2,"name":"Livre d&rsquo;Or"}]},{"@type":"WebSite","@id":"https:\/\/patrimoinedesabers.fr\/BlogWP\/#website","url":"https:\/\/patrimoinedesabers.fr\/BlogWP\/","name":"Blog de l&#039;association Patrimoine des Abers","description":"D\u00e9couvrez le patrimoine des Abers - Land\u00e9da - Lannilis","potentialAction":[{"@type":"SearchAction","target":{"@type":"EntryPoint","urlTemplate":"https:\/\/patrimoinedesabers.fr\/BlogWP\/?s={search_term_string}"},"query-input":{"@type":"PropertyValueSpecification","valueRequired":true,"valueName":"search_term_string"}}],"inLanguage":"fr-FR"}]}},"_links":{"self":[{"href":"https:\/\/patrimoinedesabers.fr\/BlogWP\/wp-json\/wp\/v2\/pages\/232","targetHints":{"allow":["GET"]}}],"collection":[{"href":"https:\/\/patrimoinedesabers.fr\/BlogWP\/wp-json\/wp\/v2\/pages"}],"about":[{"href":"https:\/\/patrimoinedesabers.fr\/BlogWP\/wp-json\/wp\/v2\/types\/page"}],"author":[{"embeddable":true,"href":"https:\/\/patrimoinedesabers.fr\/BlogWP\/wp-json\/wp\/v2\/users\/1"}],"replies":[{"embeddable":true,"href":"https:\/\/patrimoinedesabers.fr\/BlogWP\/wp-json\/wp\/v2\/comments?post=232"}],"version-history":[{"count":12,"href":"https:\/\/patrimoinedesabers.fr\/BlogWP\/wp-json\/wp\/v2\/pages\/232\/revisions"}],"predecessor-version":[{"id":266,"href":"https:\/\/patrimoinedesabers.fr\/BlogWP\/wp-json\/wp\/v2\/pages\/232\/revisions\/266"}],"wp:attachment":[{"href":"https:\/\/patrimoinedesabers.fr\/BlogWP\/wp-json\/wp\/v2\/media?parent=232"}],"curies":[{"name":"wp","href":"https:\/\/api.w.org\/{rel}","templated":true}]}}