{"id":5,"date":"2022-04-04T16:33:35","date_gmt":"2022-04-04T14:33:35","guid":{"rendered":"http:\/\/patrimoinedesabers.fr\/BlogWP\/?page_id=5"},"modified":"2026-01-27T14:55:03","modified_gmt":"2026-01-27T13:55:03","slug":"accueil","status":"publish","type":"page","link":"https:\/\/patrimoinedesabers.fr\/BlogWP\/","title":{"rendered":"Accueil"},"content":{"rendered":"\n<div class=\"wp-block-columns has-palette-color-6-background-color has-background is-layout-flex wp-container-core-columns-is-layout-28f84493 wp-block-columns-is-layout-flex\">\n<div class=\"wp-block-column is-layout-flow wp-block-column-is-layout-flow\">\n<div class=\"wp-block-qubely-wrapper qubely-block-639f1b\"><div class=\"qubely-block-wrapper-block \">\n<h3 class=\"wp-block-heading alignfull\">Association    Patrimoine des Abers<\/h3>\n\n\n\n<figure class=\"wp-block-image size-full is-style-rounded\"><img loading=\"lazy\" decoding=\"async\" width=\"1024\" height=\"576\" src=\"https:\/\/patrimoinedesabers.fr\/BlogWP\/wp-content\/uploads\/2022\/04\/P1040522.jpg\" alt=\"\" class=\"wp-image-222\" srcset=\"https:\/\/patrimoinedesabers.fr\/BlogWP\/wp-content\/uploads\/2022\/04\/P1040522.jpg 1024w, https:\/\/patrimoinedesabers.fr\/BlogWP\/wp-content\/uploads\/2022\/04\/P1040522-300x169.jpg 300w, https:\/\/patrimoinedesabers.fr\/BlogWP\/wp-content\/uploads\/2022\/04\/P1040522-768x432.jpg 768w\" sizes=\"auto, (max-width: 1024px) 100vw, 1024px\" \/><\/figure>\n\n\n\n<h5 class=\"wp-block-heading has-text-align-center\">Le but de ce site est de pr\u00e9senter l\u2019association, ses buts, son histoire, ses r\u00e9alisations pass\u00e9es et son actualit\u00e9\/projet.<\/h5>\n<\/div><\/div>\n\n\n\n<div class=\"wp-block-media-text is-stacked-on-mobile\"><figure class=\"wp-block-media-text__media\"><img loading=\"lazy\" decoding=\"async\" width=\"1024\" height=\"683\" src=\"https:\/\/patrimoinedesabers.fr\/BlogWP\/wp-content\/uploads\/2026\/01\/Maison-de-Retraite-des-Abers-1024x683.jpg\" alt=\"\" class=\"wp-image-1514 size-full\" srcset=\"https:\/\/patrimoinedesabers.fr\/BlogWP\/wp-content\/uploads\/2026\/01\/Maison-de-Retraite-des-Abers-1024x683.jpg 1024w, https:\/\/patrimoinedesabers.fr\/BlogWP\/wp-content\/uploads\/2026\/01\/Maison-de-Retraite-des-Abers-300x200.jpg 300w, https:\/\/patrimoinedesabers.fr\/BlogWP\/wp-content\/uploads\/2026\/01\/Maison-de-Retraite-des-Abers-768x512.jpg 768w, https:\/\/patrimoinedesabers.fr\/BlogWP\/wp-content\/uploads\/2026\/01\/Maison-de-Retraite-des-Abers-1536x1024.jpg 1536w, https:\/\/patrimoinedesabers.fr\/BlogWP\/wp-content\/uploads\/2026\/01\/Maison-de-Retraite-des-Abers.jpg 1600w\" sizes=\"auto, (max-width: 1024px) 100vw, 1024px\" \/><\/figure><div class=\"wp-block-media-text__content\">\n<p>Les associations de sauvegarde du patrimoine se mobilisent :<br>SAUVONS LA MAISON DE RETRAITE !<\/p>\n\n\n\n<p>Signons tous la p\u00e9tition en ligne : <a href=\"https:\/\/www.mesopinions.com\/petition\/nature-environnement\/sauvegardons-les-e-ements-architecturaux-de\/275863\" type=\"link\" id=\"https:\/\/www.mesopinions.com\/petition\/nature-environnement\/sauvegardons-les-e-ements-architecturaux-de\/275863\">https:\/\/www.mesopinions.com\/petition\/nature-environnement\/sauvegardons-les-e-ements-architecturaux-de\/275863<\/a><\/p>\n<\/div><\/div>\n\n\n\n<div class=\"wp-block-qubely-divider qubely-block-0294d2\"><div class=\"qubely-block-divider \"><svg xmlns=\"http:\/\/www.w3.org\/2000\/svg\" viewBox=\"0 0 240 40\" preserveAspectRatio=\"none\"><path d=\"M3.3 22.1c-.5-.2-.9-.5-1.3-.9-.3-.2-.5-.4-.8-.6.8-.7 1.5-1.3 2.3-2 .9-.7 1.8-1.6 2.4-2.6.1-.1.1-.2 0-.3-.1-.2-.3-.2-.5-.2-1.1.5-2 1.3-2.8 2.2-.8.9-1.7 1.7-2.5 2.5l-.1.1v.1c-.1.2-.1.5.2.6.5.3.9.5 1.4.8.4.3.9.6 1.2 1 .8.7 1.7 1.3 2.6 1.8.1.1.3 0 .4-.1.2-.1.2-.3.1-.5-.8-.8-1.6-1.4-2.6-1.9z\"><\/path><path d=\"M112.3 20c-4.5-.2-9-.3-13.5-.3-2.2 0-4.5-.1-6.7 0s-4.5.2-6.7.1c-4.5 0-9-.1-13.5-.2-1.1 0-2.2 0-3.4.1-1.1.1-2.2.1-3.4.2-2.2 0-4.5 0-6.7-.1-4.5-.1-9 0-13.5-.2-2.2-.1-4.5-.1-6.7 0s-4.5.3-6.7.3c-4.5.1-9-.1-13.5-.1s-9 0-13.5.2c-.1 0-.2.1-.2.2s.1.3.2.3c4.5.1 9 .2 13.5.2s9-.1 13.5-.1c2.2 0 4.5.2 6.7.3 2.2.1 4.5 0 6.7 0 4.5-.1 9 0 13.5-.2 2.2-.1 4.5-.1 6.7-.1 1.1 0 2.2.1 3.4.2 1.1 0 2.2.1 3.4.1 4.5-.1 9-.1 13.5-.2 2.2 0 4.5 0 6.7.1s4.5.1 6.7 0c4.5 0 9-.1 13.5-.3.1 0 .2-.1.2-.2 0-.2-.1-.3-.2-.3zM239.9 20.3c-.8-.9-1.7-1.7-2.5-2.6-.8-.9-1.7-1.7-2.8-2.2h-.3c-.2.1-.2.3-.1.5.6 1.1 1.4 1.9 2.4 2.6.8.6 1.5 1.3 2.3 2-.2.2-.5.4-.8.6-.4.3-.9.6-1.3.9-.9.5-1.8 1.2-2.5 2-.1.1-.1.2-.1.4.1.2.3.2.5.2 1-.5 1.9-1 2.6-1.8.4-.4.8-.7 1.2-1 .4-.3.9-.6 1.4-.8l.1-.1c0-.3.1-.6-.1-.7z\"><\/path><path d=\"M235.7 20.2c0-.1-.1-.3-.2-.3-4.5-.1-9-.2-13.5-.2s-9 .1-13.5.1c-2.2 0-4.5-.2-6.7-.3-2.2-.1-4.5 0-6.7 0-4.5.1-9 0-13.5.2-2.2.1-4.5.1-6.7.1-1.1 0-2.2-.1-3.4-.2-1.1 0-2.2-.1-3.4-.1-4.5.1-9 .1-13.5.2-2.2 0-4.5 0-6.7-.1s-4.5-.1-6.7 0c-4.5 0-9 .1-13.5.3-.1 0-.2.1-.2.2s.1.3.2.3c4.5.2 9 .3 13.5.3 2.2 0 4.5.1 6.7 0s4.5-.2 6.7-.1c4.5 0 9 .1 13.5.2 1.1 0 2.2 0 3.4-.1 1.1-.1 2.2-.1 3.4-.2 2.2 0 4.5 0 6.7.1 4.5.1 9 0 13.5.2 2.2.1 4.5.1 6.7 0s4.5-.3 6.7-.3c4.5-.1 9 .1 13.5.1s9 0 13.5-.2c.1 0 .2-.1.2-.2zM118.3 16.1c-.4.6-.8 1.2-1.1 1.8-.4.6-.4 1.3-.8 1.9l-.9 1.8c-.3.6-.5 1.3-.7 2 0 .2 0 .4.2.5.2.2.5.1.7-.1.4-.6.7-1.2 1-1.8.3-.6.5-1.3.8-1.9.2-.6.7-1.2.9-1.9.2-.6.5-1.3.6-2 0-.2 0-.3-.2-.4-.1-.1-.4-.1-.5.1zM124.4 16.1c-.4.6-.8 1.2-1.1 1.8-.4.6-.4 1.3-.8 1.9l-.9 1.8c-.3.6-.5 1.3-.7 2 0 .2 0 .4.2.5.2.2.5.1.7-.1.4-.6.7-1.2 1-1.8.3-.6.5-1.3.8-1.9.2-.6.7-1.2.9-1.9.2-.6.5-1.3.6-2 0-.2 0-.3-.2-.4-.1-.1-.3-.1-.5.1z\"><\/path><\/svg><\/div><\/div>\n\n\n\n<div class=\"wp-block-columns is-layout-flex wp-container-core-columns-is-layout-28f84493 wp-block-columns-is-layout-flex\">\n<div class=\"wp-block-column is-layout-flow wp-block-column-is-layout-flow\" style=\"flex-basis:33.33%\"><\/div>\n\n\n\n<div class=\"wp-block-column is-layout-flow wp-block-column-is-layout-flow\" style=\"flex-basis:66.66%\">\n<details class=\"wp-block-details is-layout-flow wp-block-details-is-layout-flow\"><summary>Notre grande exposition a eu lieu du 29 octobre au 3 novembre 2025. <\/summary><\/details>\n<\/div>\n<\/div>\n\n\n\n<div class=\"wp-block-media-text is-stacked-on-mobile\"><figure class=\"wp-block-media-text__media\"><img loading=\"lazy\" decoding=\"async\" width=\"730\" height=\"1024\" src=\"https:\/\/patrimoinedesabers.fr\/BlogWP\/wp-content\/uploads\/2025\/11\/proposition-affiche-9-FINALE-LOGO-730x1024.png\" alt=\"\" class=\"wp-image-1400 size-full\" srcset=\"https:\/\/patrimoinedesabers.fr\/BlogWP\/wp-content\/uploads\/2025\/11\/proposition-affiche-9-FINALE-LOGO-730x1024.png 730w, https:\/\/patrimoinedesabers.fr\/BlogWP\/wp-content\/uploads\/2025\/11\/proposition-affiche-9-FINALE-LOGO-214x300.png 214w, https:\/\/patrimoinedesabers.fr\/BlogWP\/wp-content\/uploads\/2025\/11\/proposition-affiche-9-FINALE-LOGO-768x1077.png 768w, https:\/\/patrimoinedesabers.fr\/BlogWP\/wp-content\/uploads\/2025\/11\/proposition-affiche-9-FINALE-LOGO-1095x1536.png 1095w, https:\/\/patrimoinedesabers.fr\/BlogWP\/wp-content\/uploads\/2025\/11\/proposition-affiche-9-FINALE-LOGO.png 1278w\" sizes=\"auto, (max-width: 730px) 100vw, 730px\" \/><\/figure><div class=\"wp-block-media-text__content\">\n<p>Elle a rencontr\u00e9 un grand succ\u00e8s et vous pouvez la retrouver en int\u00e9gralit\u00e9 parmi nos \u00ab\u00a0r\u00e9alisations\u00a0\u00bb :<br><a href=\"https:\/\/patrimoinedesabers.fr\/BlogWP\/exposition-landeda-10-000-ans-dhistoire-au-semaphore-de-laber-vrach\/\" type=\"link\" id=\"https:\/\/patrimoinedesabers.fr\/BlogWP\/exposition-landeda-10-000-ans-dhistoire-au-semaphore-de-laber-vrach\/\">https:\/\/patrimoinedesabers.fr\/BlogWP\/exposition-landeda-10-000-ans-dhistoire-au-semaphore-de-laber-vrach\/<\/a><\/p>\n<\/div><\/div>\n\n\n\n<p class=\"has-text-align-center\"><\/p>\n\n\n\n<div class=\"wp-block-qubely-divider qubely-block-0be40c\"><div class=\"qubely-block-divider \"><svg xmlns=\"http:\/\/www.w3.org\/2000\/svg\" viewBox=\"0 0 240 40\" preserveAspectRatio=\"none\"><path d=\"M201.1 16.2c-2.5-.1-4.8.7-6.9 2.1-1.4.1-2.9.1-4.3.2 2.1-1.4 3.8-3.5 4.6-5.9.2-.5-.4-.9-.8-.8-3.3.7-7.1 3.4-7.7 6.9-1.4.1-2.7.1-4.1.1.5-.4 1-.8 1.3-1.2 1.6-1.7 2.7-3.8 3.2-6 .1-.5-.3-1-.8-.8-3.7.9-7.7 4-8.1 8.1 0 .1-.1.1-.1.2-38.5 1.3-76.9 1.6-115.4 1.5-.2-.2-.5-.2-.7-.2.1-.2.1-.4 0-.6-.9-1.8-3.9-8.8-6.9-6-1.2 1.1-.2 3 .5 4.1.9 1.2 2.1 2.2 3.5 2.7h-5.8c.6-2.4-2.8-7.9-5.7-6.2-1.6.9-.7 3 .1 4.1.6.8 1.4 1.6 2.4 2.1h-3.6c.1-.1 0-.3-.1-.5-1.5-1.6-3.7-2.4-5.9-2.5-1.5-.1-4.1 0-4.7 1.7-1.4 4 8.3 3.3 10.1 2.9.4-.1.6-.5.5-.9 1.5.1 3 .1 4.5.2-1.5.5-2.9 1.4-4.2 2.4-1 .8-2.8 2.5-1.8 3.9 1 1.5 3.5-.1 4.5-.8 1.8-1.2 3.5-2.8 4.5-4.7.1-.2.1-.5 0-.6 1.3.1 2.6.1 3.9.1-1 .7-1.9 1.4-2.7 2.3-.9 1-3 3.1-1.9 4.6 1.2 1.6 3.9-.6 4.9-1.4 1.9-1.4 3.4-3.2 4.5-5.3 38.3 1.3 77 .6 115.3-1.2.7 1.8 1.9 3.5 3.2 4.9.9 1 2.6 2.5 4.1 1.6 1.7-1 .5-3.2-.2-4.4-.5-.9-1.2-1.7-2-2.4 1.3-.1 2.6-.1 4-.2.4 2.1 1.9 4.1 3.6 5.4 1.2.9 3.2 2.2 4.6 1 1.6-1.3.2-3.4-.8-4.4-.8-.8-1.9-1.6-3-2.2 1.5-.1 2.9-.2 4.4-.2.3 0 .5-.2.6-.3 2.2.8 4.7 1.5 6.9 1.1 1.2-.2 3-1.1 2.8-2.7-.5-1.7-3.1-1.7-4.3-1.8zM44.2 20.9c-1.1.1-2.1.2-3.2.1-.5 0-4.1-.3-4.3-.9-.2-.7 2.2-.9 2.4-.9.7 0 1.5 0 2.2.2 1.1.2 2.2.7 3.2 1.2-.2-.1-.3.1-.3.3zm4.7-2.3c-.4-.4-2.3-2.8-1-3 1-.2 2 1.1 2.4 1.8.6.9.7 1.9 1 2.8-.9-.5-1.7-.9-2.4-1.6zm.3 6.2c-.6.5-2.6 2.2-3.4 1.8-.6-.3.4-1 .7-1.3.5-.5 1-1 1.6-1.4 1.1-.8 2.3-1.3 3.5-1.8-.7.9-1.4 1.9-2.4 2.7zm7.3-6.7c-.4-.4-2.6-3.3-.8-3.5 1.1-.1 2.1 2 2.6 2.8.6 1 1.1 2 1.7 3-.2 0-.3.1-.5.1h-.2c.1-.2.1-.5-.1-.6-1-.4-1.9-1-2.7-1.8zm1.3 6.6c-.6.6-1.3 1.2-2 1.7-.3.2-1.9 1.4-2.2 1.2-.5-.3 2.4-3.4 2.8-3.7.9-.8 1.8-1.4 2.8-2h.7c-.5 1-1.2 2-2.1 2.8zm120.5-6.1c.7-1.3 1.3-2.7 2.5-3.8 1.1-1.1 2.4-1.9 3.9-2.4-.4 1.3-1.1 2.6-2.1 3.7-.6.7-1.2 1.2-2 1.7-.3.2-.7.4-1 .6-.1.1-.3.1-.4.2-.3 0-.5 0-.6.1-.1 0-.2-.1-.3-.1zm4 3.9c.4.6 2.3 3.5.8 3.4-1.1-.1-2.3-2-2.8-2.8-.5-.8-1-1.6-1.4-2.4.5 0 1-.1 1.6-.1.6.6 1.2 1.2 1.8 1.9zm7.1-7.2c1-.8 2-1.4 3.2-1.8-1.1 2.3-3.1 4-5.6 4.8.8-1.1 1.4-2.1 2.4-3zm1.3 6.4c.6.4 1.2.9 1.8 1.5.5.5 2.1 2.6 0 2.4-1.1-.1-2.5-1.5-3.2-2.3-.8-.9-1.2-2-1.7-3.1h.3c.9.5 1.9.9 2.8 1.5zm10.6-2.2c-.6 0-1.2 0-1.8-.1-1.2-.1-2.4-.3-3.5-.5 1-.6 2-1 3.2-1.2.8-.1 4.2-.5 4.6.5.2.7-2.2 1.2-2.5 1.3z\"><\/path><\/svg><\/div><\/div>\n<\/div>\n<\/div>\n\n\n\n<h2 class=\"wp-block-heading\">Ouvertures estivales de la chapelle de Trom\u00e9nec<\/h2>\n\n\n\n<div class=\"wp-block-columns is-layout-flex wp-container-core-columns-is-layout-28f84493 wp-block-columns-is-layout-flex\">\n<div class=\"wp-block-column is-layout-flow wp-block-column-is-layout-flow\">\n<figure class=\"wp-block-image size-full\"><img loading=\"lazy\" decoding=\"async\" width=\"960\" height=\"640\" src=\"https:\/\/patrimoinedesabers.fr\/BlogWP\/wp-content\/uploads\/2023\/06\/Bernard_LeGourierec-1.jpg\" alt=\"\" class=\"wp-image-1097\" srcset=\"https:\/\/patrimoinedesabers.fr\/BlogWP\/wp-content\/uploads\/2023\/06\/Bernard_LeGourierec-1.jpg 960w, https:\/\/patrimoinedesabers.fr\/BlogWP\/wp-content\/uploads\/2023\/06\/Bernard_LeGourierec-1-300x200.jpg 300w, https:\/\/patrimoinedesabers.fr\/BlogWP\/wp-content\/uploads\/2023\/06\/Bernard_LeGourierec-1-768x512.jpg 768w\" sizes=\"auto, (max-width: 960px) 100vw, 960px\" \/><\/figure>\n<\/div>\n\n\n\n<div class=\"wp-block-column is-layout-flow wp-block-column-is-layout-flow\">\n<figure class=\"wp-block-image size-large\"><img loading=\"lazy\" decoding=\"async\" width=\"1024\" height=\"683\" src=\"https:\/\/patrimoinedesabers.fr\/BlogWP\/wp-content\/uploads\/2023\/06\/P1070638_resize-1024x683.jpg\" alt=\"\" class=\"wp-image-1098\" srcset=\"https:\/\/patrimoinedesabers.fr\/BlogWP\/wp-content\/uploads\/2023\/06\/P1070638_resize-1024x683.jpg 1024w, https:\/\/patrimoinedesabers.fr\/BlogWP\/wp-content\/uploads\/2023\/06\/P1070638_resize-300x200.jpg 300w, https:\/\/patrimoinedesabers.fr\/BlogWP\/wp-content\/uploads\/2023\/06\/P1070638_resize-768x512.jpg 768w, https:\/\/patrimoinedesabers.fr\/BlogWP\/wp-content\/uploads\/2023\/06\/P1070638_resize.jpg 1425w\" sizes=\"auto, (max-width: 1024px) 100vw, 1024px\" \/><\/figure>\n<\/div>\n<\/div>\n\n\n\n<div class=\"wp-block-qubely-text qubely-block-6828ee\"><div class=\"qubely-block-text  \"><div class=\"qubely-block-text-title-container  qubely-separator-position-top\"><div class=\"qubely-block-text-title-inner\"><h2 class=\"qubely-block-text-title\"><\/h2><\/div><\/div><p>Cette ann\u00e9e encore, Patrimoine des Abers ouvre les portes de la <a href=\"https:\/\/abers-patrimoine.bzh\/kpoi\/chapelle-saint-laurent-a-tromenec\/\">chapelle St Laurent de Trom\u00e9nec<\/a> pour son <a href=\"https:\/\/patrimoinedesabers.fr\/BlogWP\/2020-exposition-la-veritable-histoire-derriere-la-fable-du-duel-a-tromenec\/\">exposition<\/a> <span style=\"text-decoration: underline;\">du 1er juillet au 17 septembre<\/span>.<br><em>(entr\u00e9e gratuite)<\/em><br><br>Les heures d&rsquo;ouverture sont les suivantes:<br>&#8211; du 1er juillet au 15 septembre : de 10h \u00e0 18h<br>&#8211; les 16 et 17 septembre : de 14h \u00e0 18h.<br><br>Pour les deux journ\u00e9es europ\u00e9ennes du patrimoine (16 et 17 septembre) seront \u00e9galement pr\u00e9sent\u00e9es les <a href=\"https:\/\/patrimoinedesabers.fr\/BlogWP\/maquette-3d-tromenec\/\">maquettes<\/a> du manoir de Trom\u00e9nec avec la chapelle.<\/p><\/div><\/div>\n","protected":false},"excerpt":{"rendered":"<p>Les associations de sauvegarde du patrimoine se mobilisent :SAUVONS LA MAISON DE RETRAITE ! Signons tous la p\u00e9tition en ligne : https:\/\/www.mesopinions.com\/petition\/nature-environnement\/sauvegardons-les-e-ements-architecturaux-de\/275863 Elle a rencontr\u00e9 un grand succ\u00e8s et vous pouvez la retrouver en int\u00e9gralit\u00e9 parmi nos \u00ab\u00a0r\u00e9alisations\u00a0\u00bb :https:\/\/patrimoinedesabers.fr\/BlogWP\/exposition-landeda-10-000-ans-dhistoire-au-semaphore-de-laber-vrach\/ Ouvertures estivales de la chapelle de Trom\u00e9nec<\/p>\n","protected":false},"author":1,"featured_media":0,"parent":0,"menu_order":0,"comment_status":"closed","ping_status":"closed","template":"","meta":{"qubely_global_settings":"","qubely_interactions":"","_glsr_average":0,"_glsr_ranking":0,"_glsr_reviews":0,"footnotes":""},"class_list":["post-5","page","type-page","status-publish","hentry"],"blocksy_meta":{"styles_descriptor":{"styles":{"desktop":"","tablet":"","mobile":""},"google_fonts":[],"version":6}},"yoast_head":"<!-- This site is optimized with the Yoast SEO plugin v27.3 - https:\/\/yoast.com\/product\/yoast-seo-wordpress\/ -->\n<title>Accueil - Blog de l&#039;association Patrimoine des Abers<\/title>\n<meta name=\"robots\" content=\"index, follow, max-snippet:-1, max-image-preview:large, max-video-preview:-1\" \/>\n<link rel=\"canonical\" href=\"https:\/\/patrimoinedesabers.fr\/BlogWP\/\" \/>\n<meta property=\"og:locale\" content=\"fr_FR\" \/>\n<meta property=\"og:type\" content=\"article\" \/>\n<meta property=\"og:title\" content=\"Accueil - Blog de l&#039;association Patrimoine des Abers\" \/>\n<meta property=\"og:description\" content=\"Les associations de sauvegarde du patrimoine se mobilisent :SAUVONS LA MAISON DE RETRAITE ! Signons tous la p\u00e9tition en ligne : https:\/\/www.mesopinions.com\/petition\/nature-environnement\/sauvegardons-les-e-ements-architecturaux-de\/275863 Elle a rencontr\u00e9 un grand succ\u00e8s et vous pouvez la retrouver en int\u00e9gralit\u00e9 parmi nos \u00ab\u00a0r\u00e9alisations\u00a0\u00bb :https:\/\/patrimoinedesabers.fr\/BlogWP\/exposition-landeda-10-000-ans-dhistoire-au-semaphore-de-laber-vrach\/ Ouvertures estivales de la chapelle de Trom\u00e9nec\" \/>\n<meta property=\"og:url\" content=\"https:\/\/patrimoinedesabers.fr\/BlogWP\/\" \/>\n<meta property=\"og:site_name\" content=\"Blog de l&#039;association Patrimoine des Abers\" \/>\n<meta property=\"article:modified_time\" content=\"2026-01-27T13:55:03+00:00\" \/>\n<meta property=\"og:image\" content=\"http:\/\/patrimoinedesabers.fr\/BlogWP\/wp-content\/uploads\/2022\/04\/P1040522.jpg\" \/>\n<meta name=\"twitter:card\" content=\"summary_large_image\" \/>\n<meta name=\"twitter:label1\" content=\"Dur\u00e9e de lecture estim\u00e9e\" \/>\n\t<meta name=\"twitter:data1\" content=\"2 minutes\" \/>\n<script type=\"application\/ld+json\" class=\"yoast-schema-graph\">{\"@context\":\"https:\\\/\\\/schema.org\",\"@graph\":[{\"@type\":\"WebPage\",\"@id\":\"https:\\\/\\\/patrimoinedesabers.fr\\\/BlogWP\\\/\",\"url\":\"https:\\\/\\\/patrimoinedesabers.fr\\\/BlogWP\\\/\",\"name\":\"Accueil - Blog de l&#039;association Patrimoine des Abers\",\"isPartOf\":{\"@id\":\"https:\\\/\\\/patrimoinedesabers.fr\\\/BlogWP\\\/#website\"},\"primaryImageOfPage\":{\"@id\":\"https:\\\/\\\/patrimoinedesabers.fr\\\/BlogWP\\\/#primaryimage\"},\"image\":{\"@id\":\"https:\\\/\\\/patrimoinedesabers.fr\\\/BlogWP\\\/#primaryimage\"},\"thumbnailUrl\":\"http:\\\/\\\/patrimoinedesabers.fr\\\/BlogWP\\\/wp-content\\\/uploads\\\/2022\\\/04\\\/P1040522.jpg\",\"datePublished\":\"2022-04-04T14:33:35+00:00\",\"dateModified\":\"2026-01-27T13:55:03+00:00\",\"breadcrumb\":{\"@id\":\"https:\\\/\\\/patrimoinedesabers.fr\\\/BlogWP\\\/#breadcrumb\"},\"inLanguage\":\"fr-FR\",\"potentialAction\":[{\"@type\":\"ReadAction\",\"target\":[\"https:\\\/\\\/patrimoinedesabers.fr\\\/BlogWP\\\/\"]}]},{\"@type\":\"ImageObject\",\"inLanguage\":\"fr-FR\",\"@id\":\"https:\\\/\\\/patrimoinedesabers.fr\\\/BlogWP\\\/#primaryimage\",\"url\":\"http:\\\/\\\/patrimoinedesabers.fr\\\/BlogWP\\\/wp-content\\\/uploads\\\/2022\\\/04\\\/P1040522.jpg\",\"contentUrl\":\"http:\\\/\\\/patrimoinedesabers.fr\\\/BlogWP\\\/wp-content\\\/uploads\\\/2022\\\/04\\\/P1040522.jpg\"},{\"@type\":\"BreadcrumbList\",\"@id\":\"https:\\\/\\\/patrimoinedesabers.fr\\\/BlogWP\\\/#breadcrumb\",\"itemListElement\":[{\"@type\":\"ListItem\",\"position\":1,\"name\":\"Accueil\",\"item\":\"https:\\\/\\\/patrimoinedesabers.fr\\\/BlogWP\\\/\"},{\"@type\":\"ListItem\",\"position\":2,\"name\":\"Accueil\"}]},{\"@type\":\"WebSite\",\"@id\":\"https:\\\/\\\/patrimoinedesabers.fr\\\/BlogWP\\\/#website\",\"url\":\"https:\\\/\\\/patrimoinedesabers.fr\\\/BlogWP\\\/\",\"name\":\"Blog de l&#039;association Patrimoine des Abers\",\"description\":\"D\u00e9couvrez le patrimoine des Abers - Land\u00e9da - Lannilis\",\"potentialAction\":[{\"@type\":\"SearchAction\",\"target\":{\"@type\":\"EntryPoint\",\"urlTemplate\":\"https:\\\/\\\/patrimoinedesabers.fr\\\/BlogWP\\\/?s={search_term_string}\"},\"query-input\":{\"@type\":\"PropertyValueSpecification\",\"valueRequired\":true,\"valueName\":\"search_term_string\"}}],\"inLanguage\":\"fr-FR\"}]}<\/script>\n<!-- \/ Yoast SEO plugin. -->","yoast_head_json":{"title":"Accueil - Blog de l&#039;association Patrimoine des Abers","robots":{"index":"index","follow":"follow","max-snippet":"max-snippet:-1","max-image-preview":"max-image-preview:large","max-video-preview":"max-video-preview:-1"},"canonical":"https:\/\/patrimoinedesabers.fr\/BlogWP\/","og_locale":"fr_FR","og_type":"article","og_title":"Accueil - Blog de l&#039;association Patrimoine des Abers","og_description":"Les associations de sauvegarde du patrimoine se mobilisent :SAUVONS LA MAISON DE RETRAITE ! Signons tous la p\u00e9tition en ligne : https:\/\/www.mesopinions.com\/petition\/nature-environnement\/sauvegardons-les-e-ements-architecturaux-de\/275863 Elle a rencontr\u00e9 un grand succ\u00e8s et vous pouvez la retrouver en int\u00e9gralit\u00e9 parmi nos \u00ab\u00a0r\u00e9alisations\u00a0\u00bb :https:\/\/patrimoinedesabers.fr\/BlogWP\/exposition-landeda-10-000-ans-dhistoire-au-semaphore-de-laber-vrach\/ Ouvertures estivales de la chapelle de Trom\u00e9nec","og_url":"https:\/\/patrimoinedesabers.fr\/BlogWP\/","og_site_name":"Blog de l&#039;association Patrimoine des Abers","article_modified_time":"2026-01-27T13:55:03+00:00","og_image":[{"url":"http:\/\/patrimoinedesabers.fr\/BlogWP\/wp-content\/uploads\/2022\/04\/P1040522.jpg","type":"","width":"","height":""}],"twitter_card":"summary_large_image","twitter_misc":{"Dur\u00e9e de lecture estim\u00e9e":"2 minutes"},"schema":{"@context":"https:\/\/schema.org","@graph":[{"@type":"WebPage","@id":"https:\/\/patrimoinedesabers.fr\/BlogWP\/","url":"https:\/\/patrimoinedesabers.fr\/BlogWP\/","name":"Accueil - Blog de l&#039;association Patrimoine des Abers","isPartOf":{"@id":"https:\/\/patrimoinedesabers.fr\/BlogWP\/#website"},"primaryImageOfPage":{"@id":"https:\/\/patrimoinedesabers.fr\/BlogWP\/#primaryimage"},"image":{"@id":"https:\/\/patrimoinedesabers.fr\/BlogWP\/#primaryimage"},"thumbnailUrl":"http:\/\/patrimoinedesabers.fr\/BlogWP\/wp-content\/uploads\/2022\/04\/P1040522.jpg","datePublished":"2022-04-04T14:33:35+00:00","dateModified":"2026-01-27T13:55:03+00:00","breadcrumb":{"@id":"https:\/\/patrimoinedesabers.fr\/BlogWP\/#breadcrumb"},"inLanguage":"fr-FR","potentialAction":[{"@type":"ReadAction","target":["https:\/\/patrimoinedesabers.fr\/BlogWP\/"]}]},{"@type":"ImageObject","inLanguage":"fr-FR","@id":"https:\/\/patrimoinedesabers.fr\/BlogWP\/#primaryimage","url":"http:\/\/patrimoinedesabers.fr\/BlogWP\/wp-content\/uploads\/2022\/04\/P1040522.jpg","contentUrl":"http:\/\/patrimoinedesabers.fr\/BlogWP\/wp-content\/uploads\/2022\/04\/P1040522.jpg"},{"@type":"BreadcrumbList","@id":"https:\/\/patrimoinedesabers.fr\/BlogWP\/#breadcrumb","itemListElement":[{"@type":"ListItem","position":1,"name":"Accueil","item":"https:\/\/patrimoinedesabers.fr\/BlogWP\/"},{"@type":"ListItem","position":2,"name":"Accueil"}]},{"@type":"WebSite","@id":"https:\/\/patrimoinedesabers.fr\/BlogWP\/#website","url":"https:\/\/patrimoinedesabers.fr\/BlogWP\/","name":"Blog de l&#039;association Patrimoine des Abers","description":"D\u00e9couvrez le patrimoine des Abers - Land\u00e9da - Lannilis","potentialAction":[{"@type":"SearchAction","target":{"@type":"EntryPoint","urlTemplate":"https:\/\/patrimoinedesabers.fr\/BlogWP\/?s={search_term_string}"},"query-input":{"@type":"PropertyValueSpecification","valueRequired":true,"valueName":"search_term_string"}}],"inLanguage":"fr-FR"}]}},"_links":{"self":[{"href":"https:\/\/patrimoinedesabers.fr\/BlogWP\/wp-json\/wp\/v2\/pages\/5","targetHints":{"allow":["GET"]}}],"collection":[{"href":"https:\/\/patrimoinedesabers.fr\/BlogWP\/wp-json\/wp\/v2\/pages"}],"about":[{"href":"https:\/\/patrimoinedesabers.fr\/BlogWP\/wp-json\/wp\/v2\/types\/page"}],"author":[{"embeddable":true,"href":"https:\/\/patrimoinedesabers.fr\/BlogWP\/wp-json\/wp\/v2\/users\/1"}],"replies":[{"embeddable":true,"href":"https:\/\/patrimoinedesabers.fr\/BlogWP\/wp-json\/wp\/v2\/comments?post=5"}],"version-history":[{"count":38,"href":"https:\/\/patrimoinedesabers.fr\/BlogWP\/wp-json\/wp\/v2\/pages\/5\/revisions"}],"predecessor-version":[{"id":1516,"href":"https:\/\/patrimoinedesabers.fr\/BlogWP\/wp-json\/wp\/v2\/pages\/5\/revisions\/1516"}],"wp:attachment":[{"href":"https:\/\/patrimoinedesabers.fr\/BlogWP\/wp-json\/wp\/v2\/media?parent=5"}],"curies":[{"name":"wp","href":"https:\/\/api.w.org\/{rel}","templated":true}]}}